{"id":98,"date":"2024-02-23T08:15:03","date_gmt":"2024-02-23T07:15:03","guid":{"rendered":"https:\/\/loiseauoracle.com\/?page_id=98"},"modified":"2026-03-17T11:48:05","modified_gmt":"2026-03-17T10:48:05","slug":"aonbarr","status":"publish","type":"page","link":"https:\/\/loiseauoracle.com\/index.php\/aonbarr\/","title":{"rendered":"Aonbarr &#8211; musique irlandaise"},"content":{"rendered":"\n<figure class=\"wp-block-image size-large\"><img loading=\"lazy\" decoding=\"async\" width=\"1024\" height=\"557\" src=\"https:\/\/loiseauoracle.com\/wp-content\/uploads\/2024\/05\/AOB-Aonbarr-1024x557.jpg\" alt=\"\" class=\"wp-image-251\" srcset=\"https:\/\/loiseauoracle.com\/wp-content\/uploads\/2024\/05\/AOB-Aonbarr-1024x557.jpg 1024w, https:\/\/loiseauoracle.com\/wp-content\/uploads\/2024\/05\/AOB-Aonbarr-300x163.jpg 300w, https:\/\/loiseauoracle.com\/wp-content\/uploads\/2024\/05\/AOB-Aonbarr-768x418.jpg 768w, https:\/\/loiseauoracle.com\/wp-content\/uploads\/2024\/05\/AOB-Aonbarr-600x327.jpg 600w, https:\/\/loiseauoracle.com\/wp-content\/uploads\/2024\/05\/AOB-Aonbarr.jpg 1200w\" sizes=\"auto, (max-width: 1024px) 100vw, 1024px\" \/><\/figure>\n\n\n\n<p class=\"has-cyan-bluish-gray-color has-text-color has-link-color wp-elements-10985adadf53f740cdeb28e779b22325\">Saint Patrick 2026 tour :<\/p>\n\n\n\n<p class=\"has-cyan-bluish-gray-color has-text-color has-link-color wp-elements-857f5d038133dad10c7cc5361b2ddc7c\">\u2618\ufe0f 13 mars &#8211; Les Mouettes (Pl\u00e9rin) &#8211; 19h<br>\u2618\ufe0f 14 mars &#8211; Chais les Gar\u00e7on (Quintin) &#8211; 19h<br>\u2618\ufe0f 15 mars &#8211; Couleur (Sainte-Anne du Houlin) &#8211; 18h<br>\u2618\ufe0f 17 mars &#8211; Au chaland qui passe (Binic) &#8211; 20h<br>\u2618\ufe0f 19 mars &#8211; Picca (Saint-Brieuc) &#8211; 20h30<br>\u2618\ufe0f 20 mars &#8211; VnB (Langueux) &#8211; 18h30 (\u00e0 confirmer)<br>\u2618\ufe0f 21 mars &#8211; Les barriques sur pattes &#8211; 20h30 <br><\/p>\n\n\n\n<div class=\"wp-block-media-text has-media-on-the-right is-stacked-on-mobile is-vertically-aligned-top is-image-fill-element\"><div class=\"wp-block-media-text__content\">\n<p class=\"has-cyan-bluish-gray-color has-text-color has-link-color wp-elements-6f57ee5c26812834f859d8da43d6e32d\">Un r\u00e9pertoire m\u00ealant musique traditionnelle et contemporaine de la culture Irlandaise<\/p>\n\n\n\n<p class=\"has-cyan-bluish-gray-color has-text-color has-link-color wp-elements-f42f5903b4d6bacf1bad494704d2a545\">Aonbarr propose grande vari\u00e9t\u00e9 de chansons et musiques avec des arrangements originaux. <\/p>\n\n\n\n<ul class=\"wp-block-social-links is-layout-flex wp-block-social-links-is-layout-flex\"><li class=\"wp-social-link wp-social-link-facebook  wp-block-social-link\"><a href=\"https:\/\/www.facebook.com\/aonbarr\/\" class=\"wp-block-social-link-anchor\"><svg width=\"24\" height=\"24\" viewBox=\"0 0 24 24\" version=\"1.1\" xmlns=\"http:\/\/www.w3.org\/2000\/svg\" aria-hidden=\"true\" focusable=\"false\"><path d=\"M12 2C6.5 2 2 6.5 2 12c0 5 3.7 9.1 8.4 9.9v-7H7.9V12h2.5V9.8c0-2.5 1.5-3.9 3.8-3.9 1.1 0 2.2.2 2.2.2v2.5h-1.3c-1.2 0-1.6.8-1.6 1.6V12h2.8l-.4 2.9h-2.3v7C18.3 21.1 22 17 22 12c0-5.5-4.5-10-10-10z\"><\/path><\/svg><span class=\"wp-block-social-link-label screen-reader-text\">Facebook<\/span><\/a><\/li><\/ul>\n\n\n\n<p><a href=\"https:\/\/www.facebook.com\/aonbarr\">https:\/\/www.facebook.com\/aonbarr<\/a><\/p>\n<\/div><figure class=\"wp-block-media-text__media\"><img loading=\"lazy\" decoding=\"async\" width=\"1024\" height=\"794\" src=\"http:\/\/loiseauoracle.com\/wp-content\/uploads\/2024\/08\/4-sourires-1024x794.jpg\" alt=\"\" class=\"wp-image-284 size-full\" style=\"object-position:50% 50%\" srcset=\"https:\/\/loiseauoracle.com\/wp-content\/uploads\/2024\/08\/4-sourires-1024x794.jpg 1024w, https:\/\/loiseauoracle.com\/wp-content\/uploads\/2024\/08\/4-sourires-300x233.jpg 300w, https:\/\/loiseauoracle.com\/wp-content\/uploads\/2024\/08\/4-sourires-768x595.jpg 768w, https:\/\/loiseauoracle.com\/wp-content\/uploads\/2024\/08\/4-sourires-600x465.jpg 600w, https:\/\/loiseauoracle.com\/wp-content\/uploads\/2024\/08\/4-sourires.jpg 1280w\" sizes=\"auto, (max-width: 1024px) 100vw, 1024px\" \/><\/figure><\/div>\n\n\n\n<hr class=\"wp-block-separator has-alpha-channel-opacity\"\/>\n\n\n<div class=\"wp-block-aiovg-videos\">\r\n<div id=\"aiovg-6a069c762b1ad1\" class=\"aiovg aiovg-videos aiovg-videos-template-classic\">\r\n            <div class=\"aiovg-count\">\r\n            2 videos found        <\/div>\r\n        \r\n    <!-- Videos -->\r\n    <div class=\"aiovg-section-videos aiovg-grid aiovg-row\">   \r\n                    \r\n            <div class=\"aiovg-item-video aiovg-item-video-533 aiovg-col aiovg-col-3 aiovg-col-xs-2\" data-id=\"533\">\r\n                \n<div class=\"aiovg-thumbnail aiovg-thumbnail-style-image-top\">\n    <a href=\"https:\/\/loiseauoracle.com\/index.php\/video\/chai-les-garcons-panoramic-2024-1\/\" class=\"aiovg-responsive-container\" style=\"padding-bottom: 56.25%;\"><img decoding=\"async\" src=\"https:\/\/img.youtube.com\/vi\/iuQYfFXwdQM\/maxresdefault.jpg\" alt=\"Chai les Gar\u00e7ons, Panoramic 2024\/1\" class=\"aiovg-responsive-element\"\/><div class=\"aiovg-duration\">00:55<\/div><svg xmlns=\"http:\/\/www.w3.org\/2000\/svg\" fill=\"white\" width=\"40\" height=\"40\" viewBox=\"0 0 24 24\" class=\"aiovg-svg-icon-play aiovg-flex-shrink-0\">\n            <path fill-rule=\"evenodd\" d=\"M2.25 12c0-5.385 4.365-9.75 9.75-9.75s9.75 4.365 9.75 9.75-4.365 9.75-9.75 9.75S2.25 17.385 2.25 12Zm14.024-.983a1.125 1.125 0 0 1 0 1.966l-5.603 3.113A1.125 1.125 0 0 1 9 15.113V8.887c0-.857.921-1.4 1.671-.983l5.603 3.113Z\" clip-rule=\"evenodd\" \/>\n        <\/svg><\/a> \n    <div class=\"aiovg-caption\">\n                    <div class=\"aiovg-title\">\n                <a href=\"https:\/\/loiseauoracle.com\/index.php\/video\/chai-les-garcons-panoramic-2024-1\/\" class=\"aiovg-link-title\">Chai les Gar\u00e7ons, Panoramic 2024\/1<\/a>            <\/div>\n        \n        \n        <div class=\"aiovg-meta aiovg-flex aiovg-flex-wrap aiovg-gap-1 aiovg-items-center aiovg-text-small\"><div class=\"aiovg-date aiovg-flex aiovg-gap-1 aiovg-items-center\"><svg xmlns=\"http:\/\/www.w3.org\/2000\/svg\" fill=\"none\" width=\"16\" height=\"16\" viewBox=\"0 0 24 24\" stroke-width=\"1.5\" stroke=\"currentColor\" class=\"aiovg-flex-shrink-0\">\n                <path stroke-linecap=\"round\" stroke-linejoin=\"round\" d=\"M6.75 3v2.25M17.25 3v2.25M3 18.75V7.5a2.25 2.25 0 0 1 2.25-2.25h13.5A2.25 2.25 0 0 1 21 7.5v11.25m-18 0A2.25 2.25 0 0 0 5.25 21h13.5A2.25 2.25 0 0 0 21 18.75m-18 0v-7.5A2.25 2.25 0 0 1 5.25 9h13.5A2.25 2.25 0 0 1 21 11.25v7.5m-9-6h.008v.008H12v-.008ZM12 15h.008v.008H12V15Zm0 2.25h.008v.008H12v-.008ZM9.75 15h.008v.008H9.75V15Zm0 2.25h.008v.008H9.75v-.008ZM7.5 15h.008v.008H7.5V15Zm0 2.25h.008v.008H7.5v-.008Zm6.75-4.5h.008v.008h-.008v-.008Zm0 2.25h.008v.008h-.008V15Zm0 2.25h.008v.008h-.008v-.008Zm2.25-4.5h.008v.008H16.5v-.008Zm0 2.25h.008v.008H16.5V15Z\" \/>\n            <\/svg><time>6 mois ago<\/time><span class=\"aiovg-text-separator\">\u2022<\/span><\/div><div class=\"aiovg-views aiovg-flex aiovg-gap-1 aiovg-items-center\"><svg xmlns=\"http:\/\/www.w3.org\/2000\/svg\" fill=\"none\" width=\"16\" height=\"16\" viewBox=\"0 0 24 24\" stroke-width=\"1.5\" stroke=\"currentColor\" class=\"aiovg-flex-shrink-0\">\n                <path stroke-linecap=\"round\" stroke-linejoin=\"round\" d=\"M2.036 12.322a1.012 1.012 0 0 1 0-.639C3.423 7.51 7.36 4.5 12 4.5c4.638 0 8.573 3.007 9.963 7.178.07.207.07.431 0 .639C20.577 16.49 16.64 19.5 12 19.5c-4.638 0-8.573-3.007-9.963-7.178Z\" \/>\n                <path stroke-linecap=\"round\" stroke-linejoin=\"round\" d=\"M15 12a3 3 0 1 1-6 0 3 3 0 0 1 6 0Z\" \/>\n            <\/svg><span class=\"aiovg-views-count\">30<\/span><span class=\"aiovg-views-label\">views<\/span><\/div><\/div>       \n        \n        \n               \n\n         \n        \n            <\/div>    \n<\/div>            \r\n            <\/div>                \r\n                        \r\n            <div class=\"aiovg-item-video aiovg-item-video-531 aiovg-col aiovg-col-3 aiovg-col-xs-2\" data-id=\"531\">\r\n                \n<div class=\"aiovg-thumbnail aiovg-thumbnail-style-image-top\">\n    <a href=\"https:\/\/loiseauoracle.com\/index.php\/video\/chai-les-garcons-panoramic-2024-2\/\" class=\"aiovg-responsive-container\" style=\"padding-bottom: 56.25%;\"><img decoding=\"async\" src=\"https:\/\/img.youtube.com\/vi\/69yNIYpAPrI\/maxresdefault.jpg\" alt=\"Chai les Gar\u00e7ons, Panoramic 2024\/2\" class=\"aiovg-responsive-element\"\/><div class=\"aiovg-duration\">00:10<\/div><svg xmlns=\"http:\/\/www.w3.org\/2000\/svg\" fill=\"white\" width=\"40\" height=\"40\" viewBox=\"0 0 24 24\" class=\"aiovg-svg-icon-play aiovg-flex-shrink-0\">\n            <path fill-rule=\"evenodd\" d=\"M2.25 12c0-5.385 4.365-9.75 9.75-9.75s9.75 4.365 9.75 9.75-4.365 9.75-9.75 9.75S2.25 17.385 2.25 12Zm14.024-.983a1.125 1.125 0 0 1 0 1.966l-5.603 3.113A1.125 1.125 0 0 1 9 15.113V8.887c0-.857.921-1.4 1.671-.983l5.603 3.113Z\" clip-rule=\"evenodd\" \/>\n        <\/svg><\/a> \n    <div class=\"aiovg-caption\">\n                    <div class=\"aiovg-title\">\n                <a href=\"https:\/\/loiseauoracle.com\/index.php\/video\/chai-les-garcons-panoramic-2024-2\/\" class=\"aiovg-link-title\">Chai les Gar\u00e7ons, Panoramic 2024\/2<\/a>            <\/div>\n        \n        \n        <div class=\"aiovg-meta aiovg-flex aiovg-flex-wrap aiovg-gap-1 aiovg-items-center aiovg-text-small\"><div class=\"aiovg-date aiovg-flex aiovg-gap-1 aiovg-items-center\"><svg xmlns=\"http:\/\/www.w3.org\/2000\/svg\" fill=\"none\" width=\"16\" height=\"16\" viewBox=\"0 0 24 24\" stroke-width=\"1.5\" stroke=\"currentColor\" class=\"aiovg-flex-shrink-0\">\n                <path stroke-linecap=\"round\" stroke-linejoin=\"round\" d=\"M6.75 3v2.25M17.25 3v2.25M3 18.75V7.5a2.25 2.25 0 0 1 2.25-2.25h13.5A2.25 2.25 0 0 1 21 7.5v11.25m-18 0A2.25 2.25 0 0 0 5.25 21h13.5A2.25 2.25 0 0 0 21 18.75m-18 0v-7.5A2.25 2.25 0 0 1 5.25 9h13.5A2.25 2.25 0 0 1 21 11.25v7.5m-9-6h.008v.008H12v-.008ZM12 15h.008v.008H12V15Zm0 2.25h.008v.008H12v-.008ZM9.75 15h.008v.008H9.75V15Zm0 2.25h.008v.008H9.75v-.008ZM7.5 15h.008v.008H7.5V15Zm0 2.25h.008v.008H7.5v-.008Zm6.75-4.5h.008v.008h-.008v-.008Zm0 2.25h.008v.008h-.008V15Zm0 2.25h.008v.008h-.008v-.008Zm2.25-4.5h.008v.008H16.5v-.008Zm0 2.25h.008v.008H16.5V15Z\" \/>\n            <\/svg><time>6 mois ago<\/time><span class=\"aiovg-text-separator\">\u2022<\/span><\/div><div class=\"aiovg-views aiovg-flex aiovg-gap-1 aiovg-items-center\"><svg xmlns=\"http:\/\/www.w3.org\/2000\/svg\" fill=\"none\" width=\"16\" height=\"16\" viewBox=\"0 0 24 24\" stroke-width=\"1.5\" stroke=\"currentColor\" class=\"aiovg-flex-shrink-0\">\n                <path stroke-linecap=\"round\" stroke-linejoin=\"round\" d=\"M2.036 12.322a1.012 1.012 0 0 1 0-.639C3.423 7.51 7.36 4.5 12 4.5c4.638 0 8.573 3.007 9.963 7.178.07.207.07.431 0 .639C20.577 16.49 16.64 19.5 12 19.5c-4.638 0-8.573-3.007-9.963-7.178Z\" \/>\n                <path stroke-linecap=\"round\" stroke-linejoin=\"round\" d=\"M15 12a3 3 0 1 1-6 0 3 3 0 0 1 6 0Z\" \/>\n            <\/svg><span class=\"aiovg-views-count\">23<\/span><span class=\"aiovg-views-label\">views<\/span><\/div><\/div>       \n        \n        \n               \n\n         \n        \n            <\/div>    \n<\/div>            \r\n            <\/div>                \r\n                <\/div>\r\n    \r\n    <\/div><\/div>\n\n\n<figure class=\"wp-block-embed aligncenter is-type-video is-provider-youtube wp-block-embed-youtube wp-embed-aspect-9-16 wp-has-aspect-ratio\"><div class=\"wp-block-embed__wrapper\">\n<p class=\"responsive-video-wrap clr\"><iframe loading=\"lazy\" title=\"Aonbarr   Les P&#039;tits Bouchons\" width=\"563\" height=\"1000\" src=\"https:\/\/www.youtube.com\/embed\/eVE5HuxUVr4?feature=oembed\" frameborder=\"0\" allow=\"accelerometer; autoplay; clipboard-write; encrypted-media; gyroscope; picture-in-picture; web-share\" referrerpolicy=\"strict-origin-when-cross-origin\" allowfullscreen><\/iframe><\/p>\n<\/div><\/figure>\n\n\n\n<hr class=\"wp-block-separator has-alpha-channel-opacity\"\/>\n\n\n\n<h2 class=\"wp-block-heading has-white-color has-text-color has-link-color wp-elements-9563a3a1aa49162590ce910aa581d03e\">Quelques enregistrement de r\u00e9p\u00e9titions (les enregistrements studio arrivent bient\u00f4t!) :<\/h2>\n\n\n\n<p><\/p>\n\n\n\n<h5 class=\"wp-block-heading has-pale-cyan-blue-color has-text-color has-link-color wp-elements-194d0e2bd71b920a9c2c10b08ed64aa4\">John Joe Reilly<\/h5>\n\n\n\n<figure class=\"wp-block-audio\"><audio controls src=\"http:\/\/loiseauoracle.com\/wp-content\/uploads\/2025\/11\/03-John-Joe-Reilly-2.mp3\"><\/audio><\/figure>\n\n\n\n<h5 class=\"wp-block-heading has-pale-cyan-blue-color has-text-color has-link-color wp-elements-00bf849e2e89eaf416c606fe63772efe\">The Foggy Dew<\/h5>\n\n\n\n<figure class=\"wp-block-audio\"><audio controls src=\"http:\/\/loiseauoracle.com\/wp-content\/uploads\/2024\/08\/foggy-dew.mp3\"><\/audio><\/figure>\n\n\n\n<h5 class=\"wp-block-heading has-pale-cyan-blue-color has-text-color has-link-color wp-elements-1f109b10c1144fcfd6852231686d015a\">Blue is the Eyes<\/h5>\n\n\n\n<figure class=\"wp-block-audio\"><audio controls src=\"http:\/\/loiseauoracle.com\/wp-content\/uploads\/2024\/08\/Blue-is-the-eyes.mp3\"><\/audio><\/figure>\n\n\n\n<h5 class=\"wp-block-heading has-pale-cyan-blue-color has-text-color has-link-color wp-elements-4a05350e866d1df0777c75ccf9ba415b\">Parting Glass<\/h5>\n\n\n\n<figure class=\"wp-block-audio\"><audio controls src=\"https:\/\/loiseauoracle.com\/wp-content\/uploads\/2024\/08\/parting-glass.mp3\"><\/audio><\/figure>\n\n\n\n<h5 class=\"wp-block-heading has-pale-cyan-blue-color has-text-color has-link-color wp-elements-6d44676c7537d360270e8838fbc32b95\">Mary and the Soldier<\/h5>\n\n\n\n<figure class=\"wp-block-audio\"><audio controls src=\"http:\/\/loiseauoracle.com\/wp-content\/uploads\/2025\/11\/02-Mary-and-the-soldier.mp3\"><\/audio><\/figure>\n\n\n\n<h5 class=\"wp-block-heading has-pale-cyan-blue-color has-text-color has-link-color wp-elements-3efad2cd0b9fd96c9a57809c3e3ad995\">Reel (trio)<\/h5>\n\n\n\n<figure class=\"wp-block-audio\"><audio controls src=\"http:\/\/loiseauoracle.com\/wp-content\/uploads\/2024\/02\/Aonbarr.mp3\"><\/audio><\/figure>\n\n\n\n<h5 class=\"wp-block-heading has-pale-cyan-blue-color has-text-color has-link-color wp-elements-9a3e948e6f4ac833b4f43b956f371feb\">Ballad (trio)<\/h5>\n\n\n\n<figure class=\"wp-block-audio\"><audio controls src=\"http:\/\/loiseauoracle.com\/wp-content\/uploads\/2024\/02\/Iltud.mp3\"><\/audio><\/figure>\n\n\n\n<div style=\"height:40px\" aria-hidden=\"true\" class=\"wp-block-spacer\"><\/div>\n\n\n\n<h4 class=\"wp-block-heading has-white-color has-text-color has-link-color wp-elements-e406892596d858702d0bf880e57c1ee1\">Pack Pro<\/h4>\n\n\n\n<div class=\"wp-block-file\"><a id=\"wp-block-file--media-60c1cfd9-3b5c-49f1-a448-472221f6f734\" href=\"https:\/\/loiseauoracle.com\/wp-content\/uploads\/2025\/03\/AB-Pack-Pro.zip\">AB Pack Pro<\/a><a href=\"https:\/\/loiseauoracle.com\/wp-content\/uploads\/2025\/03\/AB-Pack-Pro.zip\" class=\"wp-block-file__button wp-element-button\" download aria-describedby=\"wp-block-file--media-60c1cfd9-3b5c-49f1-a448-472221f6f734\">T\u00e9l\u00e9charger<\/a><\/div>\n\n\n\n<div style=\"height:40px\" aria-hidden=\"true\" class=\"wp-block-spacer\"><\/div>\n\n\n\n<figure class=\"wp-block-image size-large\"><img loading=\"lazy\" decoding=\"async\" width=\"1024\" height=\"683\" src=\"https:\/\/loiseauoracle.com\/wp-content\/uploads\/2024\/08\/Caroline-1024x683.jpg\" alt=\"\" class=\"wp-image-289\" srcset=\"https:\/\/loiseauoracle.com\/wp-content\/uploads\/2024\/08\/Caroline-1024x683.jpg 1024w, https:\/\/loiseauoracle.com\/wp-content\/uploads\/2024\/08\/Caroline-300x200.jpg 300w, https:\/\/loiseauoracle.com\/wp-content\/uploads\/2024\/08\/Caroline-768x512.jpg 768w, https:\/\/loiseauoracle.com\/wp-content\/uploads\/2024\/08\/Caroline-600x400.jpg 600w, https:\/\/loiseauoracle.com\/wp-content\/uploads\/2024\/08\/Caroline.jpg 1280w\" sizes=\"auto, (max-width: 1024px) 100vw, 1024px\" \/><\/figure>\n\n\n\n<div class=\"wp-block-media-text is-stacked-on-mobile is-vertically-aligned-top\" style=\"grid-template-columns:40% auto\"><figure class=\"wp-block-media-text__media\"><img loading=\"lazy\" decoding=\"async\" width=\"1024\" height=\"783\" src=\"https:\/\/loiseauoracle.com\/wp-content\/uploads\/2024\/05\/AOP-Table-1024x783.jpg\" alt=\"\" class=\"wp-image-253 size-full\" srcset=\"https:\/\/loiseauoracle.com\/wp-content\/uploads\/2024\/05\/AOP-Table-1024x783.jpg 1024w, https:\/\/loiseauoracle.com\/wp-content\/uploads\/2024\/05\/AOP-Table-300x229.jpg 300w, https:\/\/loiseauoracle.com\/wp-content\/uploads\/2024\/05\/AOP-Table-768x587.jpg 768w, https:\/\/loiseauoracle.com\/wp-content\/uploads\/2024\/05\/AOP-Table-600x459.jpg 600w, https:\/\/loiseauoracle.com\/wp-content\/uploads\/2024\/05\/AOP-Table.jpg 1200w\" sizes=\"auto, (max-width: 1024px) 100vw, 1024px\" \/><\/figure><div class=\"wp-block-media-text__content\">\n<p class=\"has-white-color has-text-color has-link-color wp-elements-8112d65b35249fef3a3285a82d4ddbd6\"><strong>Iltud Le Dor\u00e9 <\/strong>&#8211; <em>Flutes et percussions<\/em><\/p>\n\n\n\n<p class=\"has-white-color has-text-color has-link-color wp-elements-b78db3259afbd464150b1e4698f6c2d8\"><strong>Lila Bougeard <\/strong>&#8211; <em>Violon et Violoncelle<\/em><\/p>\n\n\n\n<p class=\"has-white-color has-text-color has-link-color wp-elements-5f7fa1300820ff327faa87102be49d7e\"><strong>St\u00e9phane Dassieu<\/strong> &#8211; <em>Guitare et Ukul\u00e9l\u00e9 basse<\/em><\/p>\n\n\n\n<p class=\"has-white-color has-text-color has-link-color wp-elements-c885792ff3c7dbc569a7be88377a6a42\"><strong>Caroline Mahon<\/strong> &#8211; <em>Chant<\/em><\/p>\n\n\n\n<blockquote class=\"wp-block-quote is-layout-flow wp-block-quote-is-layout-flow\">\n<p class=\"has-pale-cyan-blue-color has-text-color has-link-color wp-elements-ffee100ac14a07e1aeddbfddc0a848a1\">Aonbarr est un cheval de la mythologie Irlandaise capable de traverser terres et mers.<\/p>\n<\/blockquote>\n<\/div><\/div>\n","protected":false},"excerpt":{"rendered":"<p>Saint Patrick 2026 tour : \u2618\ufe0f 13 mars &#8211; Les Mouettes (Pl\u00e9rin) &#8211; 19h\u2618\ufe0f 14 mars &#8211; Chais les Gar\u00e7on (Quintin) &#8211; 19h\u2618\ufe0f 15 mars &#8211; Couleur (Sainte-Anne du Houlin) &#8211; 18h\u2618\ufe0f 17 mars &#8211; Au chaland qui passe (Binic) &#8211; 20h\u2618\ufe0f 19 mars &#8211; Picca (Saint-Brieuc) &#8211; 20h30\u2618\ufe0f 20 mars &#8211; VnB (Langueux) &#8211; [&hellip;]<\/p>\n","protected":false},"author":1,"featured_media":0,"parent":0,"menu_order":0,"comment_status":"closed","ping_status":"closed","template":"","meta":{"om_disable_all_campaigns":false,"_monsterinsights_skip_tracking":false,"_monsterinsights_sitenote_active":false,"_monsterinsights_sitenote_note":"","_monsterinsights_sitenote_category":0,"ocean_post_layout":"","ocean_both_sidebars_style":"","ocean_both_sidebars_content_width":0,"ocean_both_sidebars_sidebars_width":0,"ocean_sidebar":"","ocean_second_sidebar":"","ocean_disable_margins":"enable","ocean_add_body_class":"ooab","ocean_shortcode_before_top_bar":"","ocean_shortcode_after_top_bar":"","ocean_shortcode_before_header":"","ocean_shortcode_after_header":"","ocean_has_shortcode":"","ocean_shortcode_after_title":"","ocean_shortcode_before_footer_widgets":"","ocean_shortcode_after_footer_widgets":"","ocean_shortcode_before_footer_bottom":"","ocean_shortcode_after_footer_bottom":"","ocean_display_top_bar":"default","ocean_display_header":"default","ocean_header_style":"","ocean_center_header_left_menu":"","ocean_custom_header_template":"","ocean_custom_logo":0,"ocean_custom_retina_logo":0,"ocean_custom_logo_max_width":0,"ocean_custom_logo_tablet_max_width":0,"ocean_custom_logo_mobile_max_width":0,"ocean_custom_logo_max_height":0,"ocean_custom_logo_tablet_max_height":0,"ocean_custom_logo_mobile_max_height":0,"ocean_header_custom_menu":"","ocean_menu_typo_font_family":"","ocean_menu_typo_font_subset":"","ocean_menu_typo_font_size":0,"ocean_menu_typo_font_size_tablet":0,"ocean_menu_typo_font_size_mobile":0,"ocean_menu_typo_font_size_unit":"px","ocean_menu_typo_font_weight":"","ocean_menu_typo_font_weight_tablet":"","ocean_menu_typo_font_weight_mobile":"","ocean_menu_typo_transform":"","ocean_menu_typo_transform_tablet":"","ocean_menu_typo_transform_mobile":"","ocean_menu_typo_line_height":0,"ocean_menu_typo_line_height_tablet":0,"ocean_menu_typo_line_height_mobile":0,"ocean_menu_typo_line_height_unit":"","ocean_menu_typo_spacing":0,"ocean_menu_typo_spacing_tablet":0,"ocean_menu_typo_spacing_mobile":0,"ocean_menu_typo_spacing_unit":"","ocean_menu_link_color":"","ocean_menu_link_color_hover":"","ocean_menu_link_color_active":"","ocean_menu_link_background":"","ocean_menu_link_hover_background":"","ocean_menu_link_active_background":"","ocean_menu_social_links_bg":"","ocean_menu_social_hover_links_bg":"","ocean_menu_social_links_color":"","ocean_menu_social_hover_links_color":"","ocean_disable_title":"default","ocean_disable_heading":"default","ocean_post_title":"","ocean_post_subheading":"","ocean_post_title_style":"","ocean_post_title_background_color":"","ocean_post_title_background":0,"ocean_post_title_bg_image_position":"","ocean_post_title_bg_image_attachment":"","ocean_post_title_bg_image_repeat":"","ocean_post_title_bg_image_size":"","ocean_post_title_height":0,"ocean_post_title_bg_overlay":0.5,"ocean_post_title_bg_overlay_color":"","ocean_disable_breadcrumbs":"default","ocean_breadcrumbs_color":"","ocean_breadcrumbs_separator_color":"","ocean_breadcrumbs_links_color":"","ocean_breadcrumbs_links_hover_color":"","ocean_display_footer_widgets":"default","ocean_display_footer_bottom":"default","ocean_custom_footer_template":"","footnotes":""},"class_list":["post-98","page","type-page","status-publish","hentry","entry","owp-thumbs-layout-horizontal","owp-btn-normal","owp-tabs-layout-horizontal","has-no-thumbnails","has-product-nav"],"aioseo_notices":[],"_links":{"self":[{"href":"https:\/\/loiseauoracle.com\/index.php\/wp-json\/wp\/v2\/pages\/98","targetHints":{"allow":["GET"]}}],"collection":[{"href":"https:\/\/loiseauoracle.com\/index.php\/wp-json\/wp\/v2\/pages"}],"about":[{"href":"https:\/\/loiseauoracle.com\/index.php\/wp-json\/wp\/v2\/types\/page"}],"author":[{"embeddable":true,"href":"https:\/\/loiseauoracle.com\/index.php\/wp-json\/wp\/v2\/users\/1"}],"replies":[{"embeddable":true,"href":"https:\/\/loiseauoracle.com\/index.php\/wp-json\/wp\/v2\/comments?post=98"}],"version-history":[{"count":42,"href":"https:\/\/loiseauoracle.com\/index.php\/wp-json\/wp\/v2\/pages\/98\/revisions"}],"predecessor-version":[{"id":550,"href":"https:\/\/loiseauoracle.com\/index.php\/wp-json\/wp\/v2\/pages\/98\/revisions\/550"}],"wp:attachment":[{"href":"https:\/\/loiseauoracle.com\/index.php\/wp-json\/wp\/v2\/media?parent=98"}],"curies":[{"name":"wp","href":"https:\/\/api.w.org\/{rel}","templated":true}]}}