{"id":432,"date":"2025-09-23T09:09:03","date_gmt":"2025-09-23T07:09:03","guid":{"rendered":"https:\/\/loiseauoracle.com\/?page_id=432"},"modified":"2025-09-23T11:56:37","modified_gmt":"2025-09-23T09:56:37","slug":"qui-sommes-nous","status":"publish","type":"page","link":"https:\/\/loiseauoracle.com\/index.php\/qui-sommes-nous\/","title":{"rendered":"Qui sommes nous ?"},"content":{"rendered":"\n<div class=\"wp-block-media-text is-stacked-on-mobile\" style=\"grid-template-columns:21% auto\"><figure class=\"wp-block-media-text__media\"><img loading=\"lazy\" decoding=\"async\" width=\"682\" height=\"1024\" src=\"http:\/\/loiseauoracle.com\/wp-content\/uploads\/2025\/09\/Portrait-Emma-682x1024.jpg\" alt=\"\" class=\"wp-image-433 size-full\" srcset=\"https:\/\/loiseauoracle.com\/wp-content\/uploads\/2025\/09\/Portrait-Emma-682x1024.jpg 682w, https:\/\/loiseauoracle.com\/wp-content\/uploads\/2025\/09\/Portrait-Emma-200x300.jpg 200w, https:\/\/loiseauoracle.com\/wp-content\/uploads\/2025\/09\/Portrait-Emma-768x1154.jpg 768w, https:\/\/loiseauoracle.com\/wp-content\/uploads\/2025\/09\/Portrait-Emma-1022x1536.jpg 1022w, https:\/\/loiseauoracle.com\/wp-content\/uploads\/2025\/09\/Portrait-Emma-1363x2048.jpg 1363w, https:\/\/loiseauoracle.com\/wp-content\/uploads\/2025\/09\/Portrait-Emma-600x901.jpg 600w, https:\/\/loiseauoracle.com\/wp-content\/uploads\/2025\/09\/Portrait-Emma-scaled.jpg 1704w\" sizes=\"auto, (max-width: 682px) 100vw, 682px\" \/><\/figure><div class=\"wp-block-media-text__content\">\n<p class=\"has-small-font-size\">La compagnie est sous la direction artistique de St\u00e9phane Dassieu (musicien com\u00e9dien soundpainter et illustrateur) que l&rsquo;on connait gr\u00e2ce \u00e0 ses participations actives dans les compagnies La Bo\u00eete, Le Songe des Sens, Les F\u00e9es Railleuses qu&rsquo;il a co-dirig\u00e9es, ou \u00e0 travers ses participations dans d&rsquo;autres compagnies: Gazibul Th\u00e9\u00e2tre, Galapiat Cirque, Crop Circus et La Cie du Bonjour.<\/p>\n\n\n\n<p class=\"has-small-font-size\">D&rsquo;autres artistes sont r\u00e9guli\u00e8rement sollicit\u00e9s par la compagnie : Fran\u00e7ois Buret (musicien chanteur), Erwan Hemeury (com\u00e9dien musicien) ou Lucie Jacquemart (marionnettiste com\u00e9dienne chanteuse auteure musicienne) pour ne citer qu&rsquo;eux.<\/p>\n\n\n\n<p class=\"has-small-font-size\">L&rsquo;Oiseau Oracle a pour ambition de proposer des spectacles ou manifestations artistiques de qualit\u00e9, en salle ou en rue, m\u00ealant le plus souvent po\u00e9sie, profondeur et humour.<\/p>\n<\/div><\/div>\n\n\n\n<div style=\"height:34px\" aria-hidden=\"true\" class=\"wp-block-spacer\"><\/div>\n\n\n\n<p class=\"has-small-font-size\">Nos spectacles sont souvent pluridisciplinaires, tout public et tout terrain. Nous aimons nous adapter \u00e0 chacune des propositions afin de toucher tous les publics. Nous proposons aussi des formes \u00ab\u00a0sur mesures\u00a0\u00bb comme par exemple avec le BETO o\u00f9 le texte s&rsquo;\u00e9crit en fonction du lieu ou de l&rsquo;\u00e9v\u00e9nement. <\/p>\n\n\n\n<p class=\"has-small-font-size\">La compagnie propose \u00e9galement des actions de sensibilisation, projets de territoire, ateliers, interventions en ehpad\/esat\/\u00e9coles\/centres sociaux, soit en relations avec les spectacles en tourn\u00e9e, soit sur des projets sp\u00e9cifiques au lieu. <\/p>\n\n\n\n<p class=\"has-small-font-size\">Si vous souhaitez plus d&rsquo;informations, n&rsquo;h\u00e9sitez pas \u00e0 nous contacter. Nous serons heureux d&rsquo;\u00e9changer avec vous et d&rsquo;imaginer comment <s>travailler<\/s> r\u00eaver ensemble !<\/p>\n","protected":false},"excerpt":{"rendered":"<p>La compagnie est sous la direction artistique de St\u00e9phane Dassieu (musicien com\u00e9dien soundpainter et illustrateur) que l&rsquo;on connait gr\u00e2ce \u00e0 ses participations actives dans les compagnies La Bo\u00eete, Le Songe des Sens, Les F\u00e9es Railleuses qu&rsquo;il a co-dirig\u00e9es, ou \u00e0 travers ses participations dans d&rsquo;autres compagnies: Gazibul Th\u00e9\u00e2tre, Galapiat Cirque, Crop Circus et La Cie [&hellip;]<\/p>\n","protected":false},"author":1,"featured_media":0,"parent":0,"menu_order":0,"comment_status":"closed","ping_status":"closed","template":"","meta":{"om_disable_all_campaigns":false,"_monsterinsights_skip_tracking":false,"_monsterinsights_sitenote_active":false,"_monsterinsights_sitenote_note":"","_monsterinsights_sitenote_category":0,"ocean_post_layout":"","ocean_both_sidebars_style":"","ocean_both_sidebars_content_width":0,"ocean_both_sidebars_sidebars_width":0,"ocean_sidebar":"","ocean_second_sidebar":"","ocean_disable_margins":"enable","ocean_add_body_class":"","ocean_shortcode_before_top_bar":"","ocean_shortcode_after_top_bar":"","ocean_shortcode_before_header":"","ocean_shortcode_after_header":"","ocean_has_shortcode":"","ocean_shortcode_after_title":"","ocean_shortcode_before_footer_widgets":"","ocean_shortcode_after_footer_widgets":"","ocean_shortcode_before_footer_bottom":"","ocean_shortcode_after_footer_bottom":"","ocean_display_top_bar":"default","ocean_display_header":"default","ocean_header_style":"","ocean_center_header_left_menu":"","ocean_custom_header_template":"","ocean_custom_logo":0,"ocean_custom_retina_logo":0,"ocean_custom_logo_max_width":0,"ocean_custom_logo_tablet_max_width":0,"ocean_custom_logo_mobile_max_width":0,"ocean_custom_logo_max_height":0,"ocean_custom_logo_tablet_max_height":0,"ocean_custom_logo_mobile_max_height":0,"ocean_header_custom_menu":"","ocean_menu_typo_font_family":"","ocean_menu_typo_font_subset":"","ocean_menu_typo_font_size":0,"ocean_menu_typo_font_size_tablet":0,"ocean_menu_typo_font_size_mobile":0,"ocean_menu_typo_font_size_unit":"px","ocean_menu_typo_font_weight":"","ocean_menu_typo_font_weight_tablet":"","ocean_menu_typo_font_weight_mobile":"","ocean_menu_typo_transform":"","ocean_menu_typo_transform_tablet":"","ocean_menu_typo_transform_mobile":"","ocean_menu_typo_line_height":0,"ocean_menu_typo_line_height_tablet":0,"ocean_menu_typo_line_height_mobile":0,"ocean_menu_typo_line_height_unit":"","ocean_menu_typo_spacing":0,"ocean_menu_typo_spacing_tablet":0,"ocean_menu_typo_spacing_mobile":0,"ocean_menu_typo_spacing_unit":"","ocean_menu_link_color":"","ocean_menu_link_color_hover":"","ocean_menu_link_color_active":"","ocean_menu_link_background":"","ocean_menu_link_hover_background":"","ocean_menu_link_active_background":"","ocean_menu_social_links_bg":"","ocean_menu_social_hover_links_bg":"","ocean_menu_social_links_color":"","ocean_menu_social_hover_links_color":"","ocean_disable_title":"default","ocean_disable_heading":"default","ocean_post_title":"","ocean_post_subheading":"","ocean_post_title_style":"","ocean_post_title_background_color":"","ocean_post_title_background":0,"ocean_post_title_bg_image_position":"","ocean_post_title_bg_image_attachment":"","ocean_post_title_bg_image_repeat":"","ocean_post_title_bg_image_size":"","ocean_post_title_height":0,"ocean_post_title_bg_overlay":0.5,"ocean_post_title_bg_overlay_color":"","ocean_disable_breadcrumbs":"default","ocean_breadcrumbs_color":"","ocean_breadcrumbs_separator_color":"","ocean_breadcrumbs_links_color":"","ocean_breadcrumbs_links_hover_color":"","ocean_display_footer_widgets":"default","ocean_display_footer_bottom":"default","ocean_custom_footer_template":"","footnotes":""},"class_list":["post-432","page","type-page","status-publish","hentry","entry","owp-thumbs-layout-horizontal","owp-btn-normal","owp-tabs-layout-horizontal","has-no-thumbnails","has-product-nav"],"aioseo_notices":[],"_links":{"self":[{"href":"https:\/\/loiseauoracle.com\/index.php\/wp-json\/wp\/v2\/pages\/432","targetHints":{"allow":["GET"]}}],"collection":[{"href":"https:\/\/loiseauoracle.com\/index.php\/wp-json\/wp\/v2\/pages"}],"about":[{"href":"https:\/\/loiseauoracle.com\/index.php\/wp-json\/wp\/v2\/types\/page"}],"author":[{"embeddable":true,"href":"https:\/\/loiseauoracle.com\/index.php\/wp-json\/wp\/v2\/users\/1"}],"replies":[{"embeddable":true,"href":"https:\/\/loiseauoracle.com\/index.php\/wp-json\/wp\/v2\/comments?post=432"}],"version-history":[{"count":4,"href":"https:\/\/loiseauoracle.com\/index.php\/wp-json\/wp\/v2\/pages\/432\/revisions"}],"predecessor-version":[{"id":486,"href":"https:\/\/loiseauoracle.com\/index.php\/wp-json\/wp\/v2\/pages\/432\/revisions\/486"}],"wp:attachment":[{"href":"https:\/\/loiseauoracle.com\/index.php\/wp-json\/wp\/v2\/media?parent=432"}],"curies":[{"name":"wp","href":"https:\/\/api.w.org\/{rel}","templated":true}]}}