{"id":291,"date":"2024-08-15T11:24:30","date_gmt":"2024-08-15T09:24:30","guid":{"rendered":"https:\/\/loiseauoracle.com\/?page_id=291"},"modified":"2024-08-15T18:03:10","modified_gmt":"2024-08-15T16:03:10","slug":"la-brigade-mobile-deambulation-musicale-et-theatrale","status":"publish","type":"page","link":"https:\/\/loiseauoracle.com\/index.php\/la-brigade-mobile-deambulation-musicale-et-theatrale\/","title":{"rendered":"La Brigade Mobile &#8211; d\u00e9ambulation musicale et th\u00e9\u00e2trale"},"content":{"rendered":"\n<h4 class=\"wp-block-heading\">Une animation th\u00e9\u00e2trale et musicale en rue pour vous plonger dans les ann\u00e9es 30<\/h4>\n\n\n\n<figure class=\"wp-block-audio\"><audio controls src=\"http:\/\/loiseauoracle.com\/wp-content\/uploads\/2024\/08\/La-Brigade-Mobile.mp3\"><\/audio><\/figure>\n\n\n\n<figure class=\"wp-block-image size-large is-resized\"><img loading=\"lazy\" decoding=\"async\" width=\"1024\" height=\"477\" src=\"https:\/\/loiseauoracle.com\/wp-content\/uploads\/2024\/08\/Logo-sans-ombrage-1024x477.png\" alt=\"\" class=\"wp-image-296\" style=\"width:348px;height:auto\" srcset=\"https:\/\/loiseauoracle.com\/wp-content\/uploads\/2024\/08\/Logo-sans-ombrage-1024x477.png 1024w, https:\/\/loiseauoracle.com\/wp-content\/uploads\/2024\/08\/Logo-sans-ombrage-300x140.png 300w, https:\/\/loiseauoracle.com\/wp-content\/uploads\/2024\/08\/Logo-sans-ombrage-768x358.png 768w, https:\/\/loiseauoracle.com\/wp-content\/uploads\/2024\/08\/Logo-sans-ombrage-600x280.png 600w, https:\/\/loiseauoracle.com\/wp-content\/uploads\/2024\/08\/Logo-sans-ombrage.png 1262w\" sizes=\"auto, (max-width: 1024px) 100vw, 1024px\" \/><\/figure>\n\n\n\n<figure class=\"wp-block-image size-large\"><img loading=\"lazy\" decoding=\"async\" width=\"1024\" height=\"425\" src=\"https:\/\/loiseauoracle.com\/wp-content\/uploads\/2024\/08\/LBM-Large-1024x425.jpg\" alt=\"\" class=\"wp-image-294\" srcset=\"https:\/\/loiseauoracle.com\/wp-content\/uploads\/2024\/08\/LBM-Large-1024x425.jpg 1024w, https:\/\/loiseauoracle.com\/wp-content\/uploads\/2024\/08\/LBM-Large-300x125.jpg 300w, https:\/\/loiseauoracle.com\/wp-content\/uploads\/2024\/08\/LBM-Large-768x319.jpg 768w, https:\/\/loiseauoracle.com\/wp-content\/uploads\/2024\/08\/LBM-Large-1536x638.jpg 1536w, https:\/\/loiseauoracle.com\/wp-content\/uploads\/2024\/08\/LBM-Large-600x249.jpg 600w, https:\/\/loiseauoracle.com\/wp-content\/uploads\/2024\/08\/LBM-Large.jpg 1911w\" sizes=\"auto, (max-width: 1024px) 100vw, 1024px\" \/><\/figure>\n\n\n\n<p>1930, la police \u00e0 pieds ou \u00e0 cheval est totalement d\u00e9pass\u00e9e par les engins motoris\u00e9s utilis\u00e9s par la p\u00e8gre. Heureusement, La Brigade Mobile fait son apparition !<\/p>\n\n\n\n<p>A bord de leur Citro\u00ebn Rosalie de 1930 (un mod\u00e8le sp\u00e9cial avec moteur \u00e0 p\u00e9dale), les officiers Belmond Blondin et Marcel Mortier patrouillent dans votre ville. Leur but ? Mener l&rsquo;enqu\u00eate : Qu&rsquo;est devenue Sylviane Morichon, la bouch\u00e8re du quartier port\u00e9e disparue ? Qui est l&rsquo;auteur du tapage nocturne de l&rsquo;avant veille ? Ou sont pass\u00e9 les d\u00e9corations de No\u00ebl ? Bref, ils investiguent sur tout et n&rsquo;importe quoi selon les lieux et \u00e9v\u00e8nements.<\/p>\n\n\n<div class=\"wp-block-image\">\n<figure class=\"aligncenter size-full\"><img loading=\"lazy\" decoding=\"async\" width=\"676\" height=\"449\" src=\"https:\/\/loiseauoracle.com\/wp-content\/uploads\/2024\/08\/deambulation.jpg\" alt=\"\" class=\"wp-image-305\" srcset=\"https:\/\/loiseauoracle.com\/wp-content\/uploads\/2024\/08\/deambulation.jpg 676w, https:\/\/loiseauoracle.com\/wp-content\/uploads\/2024\/08\/deambulation-300x199.jpg 300w, https:\/\/loiseauoracle.com\/wp-content\/uploads\/2024\/08\/deambulation-600x399.jpg 600w\" sizes=\"auto, (max-width: 676px) 100vw, 676px\" \/><figcaption class=\"wp-element-caption\">Le public a suivi la d\u00e9ambulation sans perdre de vue la Brigade Mobile.<\/figcaption><\/figure><\/div>\n\n\n<p>Dot\u00e9s de gadgets de hautes technologie des ann\u00e9es 30 (d\u00e9tecteur de mensonge, analyseur d&rsquo;ALN, lunette de vision reproch\u00e9e\u2026), nos inspecteurs interrogent les passants \u00e0 la recherche de malfrats, larrons et autres galopins.<\/p>\n\n\n\n<div class=\"wp-block-columns is-layout-flex wp-container-core-columns-is-layout-9d6595d7 wp-block-columns-is-layout-flex\">\n<div class=\"wp-block-column is-layout-flow wp-block-column-is-layout-flow\" style=\"flex-basis:100%\">\n<div class=\"wp-block-media-text is-stacked-on-mobile is-vertically-aligned-top\"><figure class=\"wp-block-media-text__media\"><img loading=\"lazy\" decoding=\"async\" width=\"1024\" height=\"576\" src=\"http:\/\/loiseauoracle.com\/wp-content\/uploads\/2024\/08\/Duo-rires-LQ-1024x576.jpg\" alt=\"\" class=\"wp-image-299 size-full\" srcset=\"https:\/\/loiseauoracle.com\/wp-content\/uploads\/2024\/08\/Duo-rires-LQ-1024x576.jpg 1024w, https:\/\/loiseauoracle.com\/wp-content\/uploads\/2024\/08\/Duo-rires-LQ-300x169.jpg 300w, https:\/\/loiseauoracle.com\/wp-content\/uploads\/2024\/08\/Duo-rires-LQ-768x432.jpg 768w, https:\/\/loiseauoracle.com\/wp-content\/uploads\/2024\/08\/Duo-rires-LQ-1536x864.jpg 1536w, https:\/\/loiseauoracle.com\/wp-content\/uploads\/2024\/08\/Duo-rires-LQ-800x450.jpg 800w, https:\/\/loiseauoracle.com\/wp-content\/uploads\/2024\/08\/Duo-rires-LQ-600x338.jpg 600w, https:\/\/loiseauoracle.com\/wp-content\/uploads\/2024\/08\/Duo-rires-LQ.jpg 1680w\" sizes=\"auto, (max-width: 1024px) 100vw, 1024px\" \/><\/figure><div class=\"wp-block-media-text__content\">\n<p>Ils savent aussi gagner les faveurs de la population gr\u00e2ce \u00e0 leur talent musical : les deux officiers deviennent musiciens et interpr\u00e8tent le r\u00e9pertoire original de La Brigade Mobile.<\/p>\n\n\n\n<p>Une animation de rue tout public !<\/p>\n<\/div><\/div>\n<\/div>\n<\/div>\n\n\n\n<h5 class=\"wp-block-heading\">Media<\/h5>\n\n\n\n<figure class=\"wp-block-gallery has-nested-images columns-default is-cropped wp-block-gallery-1 is-layout-flex wp-block-gallery-is-layout-flex\">\n<figure class=\"wp-block-image size-large\"><img loading=\"lazy\" decoding=\"async\" width=\"1024\" height=\"576\" data-id=\"298\" src=\"https:\/\/loiseauoracle.com\/wp-content\/uploads\/2024\/08\/Rosalie-LQ-1024x576.jpg\" alt=\"\" class=\"wp-image-298\" srcset=\"https:\/\/loiseauoracle.com\/wp-content\/uploads\/2024\/08\/Rosalie-LQ-1024x576.jpg 1024w, https:\/\/loiseauoracle.com\/wp-content\/uploads\/2024\/08\/Rosalie-LQ-300x169.jpg 300w, https:\/\/loiseauoracle.com\/wp-content\/uploads\/2024\/08\/Rosalie-LQ-768x432.jpg 768w, https:\/\/loiseauoracle.com\/wp-content\/uploads\/2024\/08\/Rosalie-LQ-1536x864.jpg 1536w, https:\/\/loiseauoracle.com\/wp-content\/uploads\/2024\/08\/Rosalie-LQ-800x450.jpg 800w, https:\/\/loiseauoracle.com\/wp-content\/uploads\/2024\/08\/Rosalie-LQ-600x338.jpg 600w, https:\/\/loiseauoracle.com\/wp-content\/uploads\/2024\/08\/Rosalie-LQ.jpg 1920w\" sizes=\"auto, (max-width: 1024px) 100vw, 1024px\" \/><\/figure>\n\n\n\n<figure class=\"wp-block-image size-large\"><img loading=\"lazy\" decoding=\"async\" width=\"1024\" height=\"576\" data-id=\"299\" src=\"https:\/\/loiseauoracle.com\/wp-content\/uploads\/2024\/08\/Duo-rires-LQ-1024x576.jpg\" alt=\"\" class=\"wp-image-299\" srcset=\"https:\/\/loiseauoracle.com\/wp-content\/uploads\/2024\/08\/Duo-rires-LQ-1024x576.jpg 1024w, https:\/\/loiseauoracle.com\/wp-content\/uploads\/2024\/08\/Duo-rires-LQ-300x169.jpg 300w, https:\/\/loiseauoracle.com\/wp-content\/uploads\/2024\/08\/Duo-rires-LQ-768x432.jpg 768w, https:\/\/loiseauoracle.com\/wp-content\/uploads\/2024\/08\/Duo-rires-LQ-1536x864.jpg 1536w, https:\/\/loiseauoracle.com\/wp-content\/uploads\/2024\/08\/Duo-rires-LQ-800x450.jpg 800w, https:\/\/loiseauoracle.com\/wp-content\/uploads\/2024\/08\/Duo-rires-LQ-600x338.jpg 600w, https:\/\/loiseauoracle.com\/wp-content\/uploads\/2024\/08\/Duo-rires-LQ.jpg 1680w\" sizes=\"auto, (max-width: 1024px) 100vw, 1024px\" \/><\/figure>\n\n\n\n<figure class=\"wp-block-image size-large\"><img loading=\"lazy\" decoding=\"async\" width=\"1024\" height=\"768\" data-id=\"300\" src=\"https:\/\/loiseauoracle.com\/wp-content\/uploads\/2024\/08\/Concert-LQ-1024x768.jpg\" alt=\"\" class=\"wp-image-300\" srcset=\"https:\/\/loiseauoracle.com\/wp-content\/uploads\/2024\/08\/Concert-LQ-1024x768.jpg 1024w, https:\/\/loiseauoracle.com\/wp-content\/uploads\/2024\/08\/Concert-LQ-300x225.jpg 300w, https:\/\/loiseauoracle.com\/wp-content\/uploads\/2024\/08\/Concert-LQ-768x576.jpg 768w, https:\/\/loiseauoracle.com\/wp-content\/uploads\/2024\/08\/Concert-LQ-600x450.jpg 600w, https:\/\/loiseauoracle.com\/wp-content\/uploads\/2024\/08\/Concert-LQ.jpg 1280w\" sizes=\"auto, (max-width: 1024px) 100vw, 1024px\" \/><\/figure>\n\n\n\n<figure class=\"wp-block-image size-large\"><img loading=\"lazy\" decoding=\"async\" width=\"1024\" height=\"768\" data-id=\"301\" src=\"https:\/\/loiseauoracle.com\/wp-content\/uploads\/2024\/08\/Conduite-LQ-1024x768.jpg\" alt=\"\" class=\"wp-image-301\" srcset=\"https:\/\/loiseauoracle.com\/wp-content\/uploads\/2024\/08\/Conduite-LQ-1024x768.jpg 1024w, https:\/\/loiseauoracle.com\/wp-content\/uploads\/2024\/08\/Conduite-LQ-300x225.jpg 300w, https:\/\/loiseauoracle.com\/wp-content\/uploads\/2024\/08\/Conduite-LQ-768x576.jpg 768w, https:\/\/loiseauoracle.com\/wp-content\/uploads\/2024\/08\/Conduite-LQ-600x450.jpg 600w, https:\/\/loiseauoracle.com\/wp-content\/uploads\/2024\/08\/Conduite-LQ.jpg 1200w\" sizes=\"auto, (max-width: 1024px) 100vw, 1024px\" \/><\/figure>\n\n\n\n<figure class=\"wp-block-image size-large\"><img loading=\"lazy\" decoding=\"async\" width=\"1024\" height=\"684\" data-id=\"302\" src=\"https:\/\/loiseauoracle.com\/wp-content\/uploads\/2024\/08\/LBM-Accident-LQ-1024x684.jpg\" alt=\"\" class=\"wp-image-302\" srcset=\"https:\/\/loiseauoracle.com\/wp-content\/uploads\/2024\/08\/LBM-Accident-LQ-1024x684.jpg 1024w, https:\/\/loiseauoracle.com\/wp-content\/uploads\/2024\/08\/LBM-Accident-LQ-300x200.jpg 300w, https:\/\/loiseauoracle.com\/wp-content\/uploads\/2024\/08\/LBM-Accident-LQ-768x513.jpg 768w, https:\/\/loiseauoracle.com\/wp-content\/uploads\/2024\/08\/LBM-Accident-LQ-600x401.jpg 600w, https:\/\/loiseauoracle.com\/wp-content\/uploads\/2024\/08\/LBM-Accident-LQ.jpg 1200w\" sizes=\"auto, (max-width: 1024px) 100vw, 1024px\" \/><\/figure>\n\n\n\n<figure class=\"wp-block-image size-large\"><img loading=\"lazy\" decoding=\"async\" width=\"1024\" height=\"684\" data-id=\"303\" src=\"https:\/\/loiseauoracle.com\/wp-content\/uploads\/2024\/08\/LBM-Manutention-LQ-1024x684.jpg\" alt=\"\" class=\"wp-image-303\" srcset=\"https:\/\/loiseauoracle.com\/wp-content\/uploads\/2024\/08\/LBM-Manutention-LQ-1024x684.jpg 1024w, https:\/\/loiseauoracle.com\/wp-content\/uploads\/2024\/08\/LBM-Manutention-LQ-300x200.jpg 300w, https:\/\/loiseauoracle.com\/wp-content\/uploads\/2024\/08\/LBM-Manutention-LQ-768x513.jpg 768w, https:\/\/loiseauoracle.com\/wp-content\/uploads\/2024\/08\/LBM-Manutention-LQ-600x401.jpg 600w, https:\/\/loiseauoracle.com\/wp-content\/uploads\/2024\/08\/LBM-Manutention-LQ.jpg 1200w\" sizes=\"auto, (max-width: 1024px) 100vw, 1024px\" \/><\/figure>\n\n\n\n<figure class=\"wp-block-image size-large\"><img loading=\"lazy\" decoding=\"async\" width=\"1024\" height=\"684\" data-id=\"304\" src=\"https:\/\/loiseauoracle.com\/wp-content\/uploads\/2024\/08\/LBM-Fumee-LQ-1024x684.jpg\" alt=\"\" class=\"wp-image-304\" srcset=\"https:\/\/loiseauoracle.com\/wp-content\/uploads\/2024\/08\/LBM-Fumee-LQ-1024x684.jpg 1024w, https:\/\/loiseauoracle.com\/wp-content\/uploads\/2024\/08\/LBM-Fumee-LQ-300x200.jpg 300w, https:\/\/loiseauoracle.com\/wp-content\/uploads\/2024\/08\/LBM-Fumee-LQ-768x513.jpg 768w, https:\/\/loiseauoracle.com\/wp-content\/uploads\/2024\/08\/LBM-Fumee-LQ-600x401.jpg 600w, https:\/\/loiseauoracle.com\/wp-content\/uploads\/2024\/08\/LBM-Fumee-LQ.jpg 1200w\" sizes=\"auto, (max-width: 1024px) 100vw, 1024px\" \/><\/figure>\n<\/figure>\n\n\n\n<h2 class=\"wp-block-heading\">Webs\u00e9rie \u00ab\u00a0La menace en mousse\u00a0\u00bb r\u00e9alis\u00e9e pour la commune de Lannion<\/h2>\n\n\n\n<p><a href=\"https:\/\/www.facebook.com\/watch\/?v=1530925950432164\">https:\/\/www.facebook.com\/watch\/?v=1530925950432164<\/a><\/p>\n","protected":false},"excerpt":{"rendered":"<p>Une animation th\u00e9\u00e2trale et musicale en rue pour vous plonger dans les ann\u00e9es 30 1930, la police \u00e0 pieds ou \u00e0 cheval est totalement d\u00e9pass\u00e9e par les engins motoris\u00e9s utilis\u00e9s par la p\u00e8gre. Heureusement, La Brigade Mobile fait son apparition ! A bord de leur Citro\u00ebn Rosalie de 1930 (un mod\u00e8le sp\u00e9cial avec moteur \u00e0 [&hellip;]<\/p>\n","protected":false},"author":1,"featured_media":0,"parent":0,"menu_order":0,"comment_status":"closed","ping_status":"closed","template":"","meta":{"om_disable_all_campaigns":false,"_monsterinsights_skip_tracking":false,"_monsterinsights_sitenote_active":false,"_monsterinsights_sitenote_note":"","_monsterinsights_sitenote_category":0,"ocean_post_layout":"","ocean_both_sidebars_style":"","ocean_both_sidebars_content_width":0,"ocean_both_sidebars_sidebars_width":0,"ocean_sidebar":"","ocean_second_sidebar":"","ocean_disable_margins":"enable","ocean_add_body_class":"","ocean_shortcode_before_top_bar":"","ocean_shortcode_after_top_bar":"","ocean_shortcode_before_header":"","ocean_shortcode_after_header":"","ocean_has_shortcode":"","ocean_shortcode_after_title":"","ocean_shortcode_before_footer_widgets":"","ocean_shortcode_after_footer_widgets":"","ocean_shortcode_before_footer_bottom":"","ocean_shortcode_after_footer_bottom":"","ocean_display_top_bar":"default","ocean_display_header":"default","ocean_header_style":"","ocean_center_header_left_menu":"","ocean_custom_header_template":"","ocean_custom_logo":0,"ocean_custom_retina_logo":0,"ocean_custom_logo_max_width":0,"ocean_custom_logo_tablet_max_width":0,"ocean_custom_logo_mobile_max_width":0,"ocean_custom_logo_max_height":0,"ocean_custom_logo_tablet_max_height":0,"ocean_custom_logo_mobile_max_height":0,"ocean_header_custom_menu":"","ocean_menu_typo_font_family":"","ocean_menu_typo_font_subset":"","ocean_menu_typo_font_size":0,"ocean_menu_typo_font_size_tablet":0,"ocean_menu_typo_font_size_mobile":0,"ocean_menu_typo_font_size_unit":"px","ocean_menu_typo_font_weight":"","ocean_menu_typo_font_weight_tablet":"","ocean_menu_typo_font_weight_mobile":"","ocean_menu_typo_transform":"","ocean_menu_typo_transform_tablet":"","ocean_menu_typo_transform_mobile":"","ocean_menu_typo_line_height":0,"ocean_menu_typo_line_height_tablet":0,"ocean_menu_typo_line_height_mobile":0,"ocean_menu_typo_line_height_unit":"","ocean_menu_typo_spacing":0,"ocean_menu_typo_spacing_tablet":0,"ocean_menu_typo_spacing_mobile":0,"ocean_menu_typo_spacing_unit":"","ocean_menu_link_color":"","ocean_menu_link_color_hover":"","ocean_menu_link_color_active":"","ocean_menu_link_background":"","ocean_menu_link_hover_background":"","ocean_menu_link_active_background":"","ocean_menu_social_links_bg":"","ocean_menu_social_hover_links_bg":"","ocean_menu_social_links_color":"","ocean_menu_social_hover_links_color":"","ocean_disable_title":"default","ocean_disable_heading":"default","ocean_post_title":"","ocean_post_subheading":"","ocean_post_title_style":"","ocean_post_title_background_color":"","ocean_post_title_background":0,"ocean_post_title_bg_image_position":"","ocean_post_title_bg_image_attachment":"","ocean_post_title_bg_image_repeat":"","ocean_post_title_bg_image_size":"","ocean_post_title_height":0,"ocean_post_title_bg_overlay":0.5,"ocean_post_title_bg_overlay_color":"","ocean_disable_breadcrumbs":"default","ocean_breadcrumbs_color":"","ocean_breadcrumbs_separator_color":"","ocean_breadcrumbs_links_color":"","ocean_breadcrumbs_links_hover_color":"","ocean_display_footer_widgets":"default","ocean_display_footer_bottom":"default","ocean_custom_footer_template":"","footnotes":""},"class_list":["post-291","page","type-page","status-publish","hentry","entry","owp-thumbs-layout-horizontal","owp-btn-normal","owp-tabs-layout-horizontal","has-no-thumbnails","has-product-nav"],"aioseo_notices":[],"_links":{"self":[{"href":"https:\/\/loiseauoracle.com\/index.php\/wp-json\/wp\/v2\/pages\/291","targetHints":{"allow":["GET"]}}],"collection":[{"href":"https:\/\/loiseauoracle.com\/index.php\/wp-json\/wp\/v2\/pages"}],"about":[{"href":"https:\/\/loiseauoracle.com\/index.php\/wp-json\/wp\/v2\/types\/page"}],"author":[{"embeddable":true,"href":"https:\/\/loiseauoracle.com\/index.php\/wp-json\/wp\/v2\/users\/1"}],"replies":[{"embeddable":true,"href":"https:\/\/loiseauoracle.com\/index.php\/wp-json\/wp\/v2\/comments?post=291"}],"version-history":[{"count":6,"href":"https:\/\/loiseauoracle.com\/index.php\/wp-json\/wp\/v2\/pages\/291\/revisions"}],"predecessor-version":[{"id":317,"href":"https:\/\/loiseauoracle.com\/index.php\/wp-json\/wp\/v2\/pages\/291\/revisions\/317"}],"wp:attachment":[{"href":"https:\/\/loiseauoracle.com\/index.php\/wp-json\/wp\/v2\/media?parent=291"}],"curies":[{"name":"wp","href":"https:\/\/api.w.org\/{rel}","templated":true}]}}